{"id":128,"date":"2020-12-22T13:54:24","date_gmt":"2020-12-22T13:54:24","guid":{"rendered":"https:\/\/duosilvestre.com.ar\/?post_type=product&#038;p=128"},"modified":"2020-12-22T13:58:59","modified_gmt":"2020-12-22T13:58:59","slug":"escabeche-de-nandu","status":"publish","type":"product","link":"https:\/\/duosilvestre.com.ar\/en\/product\/escabeche-de-nandu\/","title":{"rendered":"Escabeche de \u00d1andu"},"content":{"rendered":"","protected":false},"excerpt":{"rendered":"<p>Carne de \u00d1andu, zanahoria, cebolla, hoja de laurel, aceite de girasol, vinagre de alcohol, sal, aj\u00ed molido, pimienta negra en granos.<\/p>","protected":false},"featured_media":129,"template":"","meta":[],"product_brand":[],"product_cat":[17],"product_tag":[],"class_list":{"0":"post-128","1":"product","2":"type-product","3":"status-publish","4":"has-post-thumbnail","6":"product_cat-escabeches-de-carnes","8":"first","9":"instock","10":"shipping-taxable","11":"product-type-simple"},"_links":{"self":[{"href":"https:\/\/duosilvestre.com.ar\/en\/wp-json\/wp\/v2\/product\/128","targetHints":{"allow":["GET"]}}],"collection":[{"href":"https:\/\/duosilvestre.com.ar\/en\/wp-json\/wp\/v2\/product"}],"about":[{"href":"https:\/\/duosilvestre.com.ar\/en\/wp-json\/wp\/v2\/types\/product"}],"wp:featuredmedia":[{"embeddable":true,"href":"https:\/\/duosilvestre.com.ar\/en\/wp-json\/wp\/v2\/media\/129"}],"wp:attachment":[{"href":"https:\/\/duosilvestre.com.ar\/en\/wp-json\/wp\/v2\/media?parent=128"}],"wp:term":[{"taxonomy":"product_brand","embeddable":true,"href":"https:\/\/duosilvestre.com.ar\/en\/wp-json\/wp\/v2\/product_brand?post=128"},{"taxonomy":"product_cat","embeddable":true,"href":"https:\/\/duosilvestre.com.ar\/en\/wp-json\/wp\/v2\/product_cat?post=128"},{"taxonomy":"product_tag","embeddable":true,"href":"https:\/\/duosilvestre.com.ar\/en\/wp-json\/wp\/v2\/product_tag?post=128"}],"curies":[{"name":"wp","href":"https:\/\/api.w.org\/{rel}","templated":true}]}}