{"id":2,"date":"2013-11-06T11:55:36","date_gmt":"2013-11-06T11:55:36","guid":{"rendered":"http:\/\/duosilvestre.com.ar\/\/?page_id=2"},"modified":"2021-02-03T19:20:03","modified_gmt":"2021-02-03T19:20:03","slug":"inicio","status":"publish","type":"page","link":"https:\/\/duosilvestre.com.ar\/","title":{"rendered":"Inicio"},"content":{"rendered":"<div      class=\"vc_row wpb_row section vc_row-fluid\" style=' text-align:left;'><div class=\"full_section_inner clearfix\"><div class=\"wpb_column vc_column_container vc_col-sm-12\"><div class=\"vc_column-inner\"><div class=\"wpb_wrapper\"><div class=\"wpb_layerslider_element wpb_content_element\"><script type=\"text\/javascript\">jQuery(function() { _initLayerSlider( '#layerslider_1_xm3fl4tyzpb8', {createdWith: '6.11.2', sliderVersion: '6.11.2', skin: 'v6', navPrevNext: false, hoverPrevNext: false, navStartStop: false, showCircleTimer: false, thumbnailNavigation: 'disabled', skinsPath: 'https:\/\/duosilvestre.com.ar\/wp-content\/plugins\/LayerSlider\/assets\/static\/layerslider\/skins\/'}); });<\/script><div id=\"layerslider_1_xm3fl4tyzpb8\" class=\"ls-wp-container fitvidsignore\" style=\"width:1280px;height:560px;margin:0 auto;margin-bottom: 0px;\"><div class=\"ls-slide\" data-ls=\"duration:4000;kenburnsscale:1.2;\"><img loading=\"lazy\" decoding=\"async\" width=\"1600\" height=\"703\" src=\"https:\/\/duosilvestre.com.ar\/wp-content\/uploads\/2021\/05\/DuoSilvestre.png\" class=\"ls-l\" alt=\"\" srcset=\"https:\/\/duosilvestre.com.ar\/wp-content\/uploads\/2021\/05\/DuoSilvestre.png 1600w, https:\/\/duosilvestre.com.ar\/wp-content\/uploads\/2021\/05\/DuoSilvestre-300x132.png 300w, https:\/\/duosilvestre.com.ar\/wp-content\/uploads\/2021\/05\/DuoSilvestre-1024x450.png 1024w, https:\/\/duosilvestre.com.ar\/wp-content\/uploads\/2021\/05\/DuoSilvestre-768x337.png 768w, https:\/\/duosilvestre.com.ar\/wp-content\/uploads\/2021\/05\/DuoSilvestre-1536x675.png 1536w, https:\/\/duosilvestre.com.ar\/wp-content\/uploads\/2021\/05\/DuoSilvestre-16x7.png 16w, https:\/\/duosilvestre.com.ar\/wp-content\/uploads\/2021\/05\/DuoSilvestre-700x308.png 700w, https:\/\/duosilvestre.com.ar\/wp-content\/uploads\/2021\/05\/DuoSilvestre-600x264.png 600w\" sizes=\"auto, (max-width: 1600px) 100vw, 1600px\" style=\"top:-5px;left:-5px;background-size:inherit;background-position:inherit;width:1295px;height:569px;\"><\/div><div class=\"ls-slide\" data-ls=\"duration:4000;kenburnsscale:1.2;\"><img loading=\"lazy\" decoding=\"async\" width=\"1600\" height=\"703\" src=\"https:\/\/duosilvestre.com.ar\/wp-content\/uploads\/2021\/05\/DuoSilvestre1.png\" class=\"ls-l\" alt=\"\" srcset=\"https:\/\/duosilvestre.com.ar\/wp-content\/uploads\/2021\/05\/DuoSilvestre1.png 1600w, https:\/\/duosilvestre.com.ar\/wp-content\/uploads\/2021\/05\/DuoSilvestre1-300x132.png 300w, https:\/\/duosilvestre.com.ar\/wp-content\/uploads\/2021\/05\/DuoSilvestre1-1024x450.png 1024w, https:\/\/duosilvestre.com.ar\/wp-content\/uploads\/2021\/05\/DuoSilvestre1-768x337.png 768w, https:\/\/duosilvestre.com.ar\/wp-content\/uploads\/2021\/05\/DuoSilvestre1-1536x675.png 1536w, https:\/\/duosilvestre.com.ar\/wp-content\/uploads\/2021\/05\/DuoSilvestre1-16x7.png 16w, https:\/\/duosilvestre.com.ar\/wp-content\/uploads\/2021\/05\/DuoSilvestre1-700x308.png 700w, https:\/\/duosilvestre.com.ar\/wp-content\/uploads\/2021\/05\/DuoSilvestre1-600x264.png 600w\" sizes=\"auto, (max-width: 1600px) 100vw, 1600px\" style=\"top:-5px;left:-4px;background-size:inherit;background-position:inherit;width:1295px;height:569px;\"><h2 style=\"top:319px;left:776px;text-decoration:none;background-size:inherit;background-position:inherit;color:#e8d4ca;letter-spacing:0.5px;font-size:35px;\" class=\"ls-l\">NUESTROS SABORES<\/h2><h2 style=\"top:364px;left:865px;text-decoration:none;background-size:inherit;background-position:inherit;color:#e8d4ca;letter-spacing:0.5px;font-size:35px;\" class=\"ls-l\">Y RECETAS<\/h2><h2 style=\"top:275px;left:811px;background-size:inherit;background-position:inherit;color:#e8d4ca;letter-spacing:0.5px;font-size:35px;\" class=\"ls-l\">A\u00d1OS CUIDANDO<\/h2><\/div><div class=\"ls-slide\" data-ls=\"duration:4000;kenburnsscale:1.2;\"><img loading=\"lazy\" decoding=\"async\" width=\"1600\" height=\"703\" src=\"https:\/\/duosilvestre.com.ar\/wp-content\/uploads\/2020\/10\/img-slide-duo-silvestre.png\" class=\"ls-l\" alt=\"\" srcset=\"https:\/\/duosilvestre.com.ar\/wp-content\/uploads\/2020\/10\/img-slide-duo-silvestre.png 1600w, https:\/\/duosilvestre.com.ar\/wp-content\/uploads\/2020\/10\/img-slide-duo-silvestre-300x132.png 300w, https:\/\/duosilvestre.com.ar\/wp-content\/uploads\/2020\/10\/img-slide-duo-silvestre-1024x450.png 1024w, https:\/\/duosilvestre.com.ar\/wp-content\/uploads\/2020\/10\/img-slide-duo-silvestre-768x337.png 768w, https:\/\/duosilvestre.com.ar\/wp-content\/uploads\/2020\/10\/img-slide-duo-silvestre-1536x675.png 1536w, https:\/\/duosilvestre.com.ar\/wp-content\/uploads\/2020\/10\/img-slide-duo-silvestre-700x308.png 700w\" sizes=\"auto, (max-width: 1600px) 100vw, 1600px\" style=\"top:0px;left:-2px;background-size:inherit;background-position:inherit;width:1287px;height:565px;\"><h2 style=\"top:164px;left:298px;background-size:inherit;background-position:inherit;font-size:65px;color:#e8d4ca;letter-spacing:1px;\" class=\"ls-l\">EL GRAN ESCABECHE<\/h2><h2 style=\"top:228px;left:440px;background-size:inherit;background-position:inherit;font-size:65px;color:#e8d4ca;letter-spacing:1px;\" class=\"ls-l\">ARGENTINO<\/h2><h4 style=\"top:305px;left:523px;background-size:inherit;background-position:inherit;color:#e8d4ca;letter-spacing:0.5px;font-size:25px;\" class=\"ls-l\">Duo Silvestre<\/h4><a style=\"\" class=\"ls-l\" href=\"https:\/\/duosilvestre.com.ar\/en\/duo-silvestre\/\" target=\"_self\"><span style=\"top:348px;left:538px;text-align:center;font-weight:500;background-size:inherit;background-position:inherit;padding-top:15px;padding-right:35px;padding-bottom:15px;padding-left:35px;font-family:Arial, sans-serif;font-size:14px;color:#fff;border-radius:1px;border-top:1px solid #b57a5d;border-right:1px solid #b57a5d;border-bottom:1px solid #b57a5d;border-left:1px solid #b57a5d;letter-spacing:1px;\" class=\"\">SABER M\u00c1S<\/span><\/a><\/div><\/div><\/div><div class=\"wpb_layerslider_element wpb_content_element\"><script type=\"text\/javascript\">jQuery(function() { _initLayerSlider( '#layerslider_2_1q1c1j8w9f6e1', {createdWith: '6.11.2', sliderVersion: '6.11.2', skin: 'v6', navPrevNext: false, hoverPrevNext: false, navStartStop: false, navButtons: false, showCircleTimer: false, thumbnailNavigation: 'disabled', skinsPath: 'https:\/\/duosilvestre.com.ar\/wp-content\/plugins\/LayerSlider\/assets\/static\/layerslider\/skins\/'}); });<\/script><div id=\"layerslider_2_1q1c1j8w9f6e1\" class=\"ls-wp-container fitvidsignore\" style=\"width:1280px;height:880px;margin:0 auto;margin-bottom: 0px;\"><div class=\"ls-slide\" data-ls=\"kenburnsscale:1.2;\"><img loading=\"lazy\" decoding=\"async\" width=\"1600\" height=\"1093\" src=\"https:\/\/duosilvestre.com.ar\/wp-content\/uploads\/2020\/10\/fondo-duo-silvestre.png\" class=\"ls-l\" alt=\"\" srcset=\"https:\/\/duosilvestre.com.ar\/wp-content\/uploads\/2020\/10\/fondo-duo-silvestre.png 1600w, https:\/\/duosilvestre.com.ar\/wp-content\/uploads\/2020\/10\/fondo-duo-silvestre-300x205.png 300w, https:\/\/duosilvestre.com.ar\/wp-content\/uploads\/2020\/10\/fondo-duo-silvestre-1024x700.png 1024w, https:\/\/duosilvestre.com.ar\/wp-content\/uploads\/2020\/10\/fondo-duo-silvestre-768x525.png 768w, https:\/\/duosilvestre.com.ar\/wp-content\/uploads\/2020\/10\/fondo-duo-silvestre-1536x1049.png 1536w, https:\/\/duosilvestre.com.ar\/wp-content\/uploads\/2020\/10\/fondo-duo-silvestre-700x478.png 700w\" sizes=\"auto, (max-width: 1600px) 100vw, 1600px\" style=\"top:-3px;left:-4px;background-size:inherit;background-position:inherit;width:1297px;height:886px;\"><img loading=\"lazy\" decoding=\"async\" width=\"525\" height=\"701\" src=\"https:\/\/duosilvestre.com.ar\/wp-content\/uploads\/2020\/10\/frasco-dulce-duo-silvestre.png\" class=\"ls-l\" alt=\"\" srcset=\"https:\/\/duosilvestre.com.ar\/wp-content\/uploads\/2020\/10\/frasco-dulce-duo-silvestre.png 525w, https:\/\/duosilvestre.com.ar\/wp-content\/uploads\/2020\/10\/frasco-dulce-duo-silvestre-225x300.png 225w\" sizes=\"auto, (max-width: 525px) 100vw, 525px\" style=\"top:94px;left:642px;background-size:inherit;background-position:inherit;\"><img loading=\"lazy\" decoding=\"async\" width=\"124\" height=\"220\" src=\"https:\/\/duosilvestre.com.ar\/wp-content\/uploads\/2020\/10\/aceite.png\" class=\"ls-l\" alt=\"\" style=\"top:86px;left:1165px;background-size:inherit;background-position:inherit;\"><img loading=\"lazy\" decoding=\"async\" width=\"262\" height=\"596\" src=\"https:\/\/duosilvestre.com.ar\/wp-content\/uploads\/2020\/10\/slider-ph-3.png\" class=\"ls-l\" alt=\"\" srcset=\"https:\/\/duosilvestre.com.ar\/wp-content\/uploads\/2020\/10\/slider-ph-3.png 262w, https:\/\/duosilvestre.com.ar\/wp-content\/uploads\/2020\/10\/slider-ph-3-132x300.png 132w\" sizes=\"auto, (max-width: 262px) 100vw, 262px\" style=\"top:148px;left:-4px;background-size:inherit;background-position:inherit;\"><h2 style=\"top:249px;left:124px;font-weight:700;background-size:inherit;background-position:inherit;color:#ffffff;line-height:60px;font-size:35px;\" class=\"ls-l\">ESCABECHES DE CARNE<\/h2><h2 style=\"top:304px;left:124px;font-weight:700;background-size:inherit;background-position:inherit;color:#ffffff;line-height:60px;font-size:35px;\" class=\"ls-l\">Y VERDURAS<\/h2><h2 style=\"top:354px;left:124px;font-weight:700;background-size:inherit;background-position:inherit;color:#ffffff;line-height:60px;font-size:35px;\" class=\"ls-l\">MERMELADAS Y ALMIBARES<\/h2><p style=\"top:435px;left:133px;background-size:inherit;background-position:inherit;font-size:18px;color:#ffffff;\" class=\"ls-l\">Contamos con una planta de procesamiento<\/p><p style=\"top:463px;left:136px;background-size:inherit;background-position:inherit;font-size:18px;color:#ffffff;\" class=\"ls-l\">y de distribuci\u00f3n a todo el pa\u00eds,<\/p><p style=\"top:492px;left:134px;background-size:inherit;background-position:inherit;font-size:18px;color:#ffffff;\" class=\"ls-l\">con habilitaciones (RNE y RNPA) correspondientes.<\/p><\/div><\/div><\/div><div class=\"wpb_layerslider_element wpb_content_element\"><script type=\"text\/javascript\">jQuery(function() { _initLayerSlider( '#layerslider_3_1xypfcx1yrgfj', {createdWith: '6.11.2', sliderVersion: '6.11.2', skin: 'v6', navPrevNext: false, hoverPrevNext: false, navStartStop: false, navButtons: false, showCircleTimer: false, thumbnailNavigation: 'disabled', skinsPath: 'https:\/\/duosilvestre.com.ar\/wp-content\/plugins\/LayerSlider\/assets\/static\/layerslider\/skins\/'}); });<\/script><div id=\"layerslider_3_1xypfcx1yrgfj\" class=\"ls-wp-container fitvidsignore\" style=\"width:1280px;height:880px;margin:0 auto;margin-bottom: 0px;\"><div class=\"ls-slide\" data-ls=\"kenburnsscale:1.2;\"><img loading=\"lazy\" decoding=\"async\" width=\"1600\" height=\"1093\" src=\"https:\/\/duosilvestre.com.ar\/wp-content\/uploads\/2020\/10\/fondo-duo-silvestre.png\" class=\"ls-l\" alt=\"\" srcset=\"https:\/\/duosilvestre.com.ar\/wp-content\/uploads\/2020\/10\/fondo-duo-silvestre.png 1600w, https:\/\/duosilvestre.com.ar\/wp-content\/uploads\/2020\/10\/fondo-duo-silvestre-300x205.png 300w, https:\/\/duosilvestre.com.ar\/wp-content\/uploads\/2020\/10\/fondo-duo-silvestre-1024x700.png 1024w, https:\/\/duosilvestre.com.ar\/wp-content\/uploads\/2020\/10\/fondo-duo-silvestre-768x525.png 768w, https:\/\/duosilvestre.com.ar\/wp-content\/uploads\/2020\/10\/fondo-duo-silvestre-1536x1049.png 1536w, https:\/\/duosilvestre.com.ar\/wp-content\/uploads\/2020\/10\/fondo-duo-silvestre-700x478.png 700w\" sizes=\"auto, (max-width: 1600px) 100vw, 1600px\" style=\"top:-16px;left:0px;background-size:inherit;background-position:inherit;width:1322px;height:903px;\"><img loading=\"lazy\" decoding=\"async\" width=\"569\" height=\"1235\" src=\"https:\/\/duosilvestre.com.ar\/wp-content\/uploads\/2020\/10\/aceite-pimienta-albaca.png\" class=\"ls-l\" alt=\"\" srcset=\"https:\/\/duosilvestre.com.ar\/wp-content\/uploads\/2020\/10\/aceite-pimienta-albaca.png 569w, https:\/\/duosilvestre.com.ar\/wp-content\/uploads\/2020\/10\/aceite-pimienta-albaca-138x300.png 138w, https:\/\/duosilvestre.com.ar\/wp-content\/uploads\/2020\/10\/aceite-pimienta-albaca-472x1024.png 472w\" sizes=\"auto, (max-width: 569px) 100vw, 569px\" style=\"top:2px;left:0px;background-size:inherit;background-position:inherit;\"><img loading=\"lazy\" decoding=\"async\" width=\"285\" height=\"706\" src=\"https:\/\/duosilvestre.com.ar\/wp-content\/uploads\/2020\/10\/ajo-arina.png\" class=\"ls-l\" alt=\"\" srcset=\"https:\/\/duosilvestre.com.ar\/wp-content\/uploads\/2020\/10\/ajo-arina.png 285w, https:\/\/duosilvestre.com.ar\/wp-content\/uploads\/2020\/10\/ajo-arina-121x300.png 121w\" sizes=\"auto, (max-width: 285px) 100vw, 285px\" style=\"top:10px;left:996px;background-size:inherit;background-position:inherit;\"><h2 style=\"top:79px;left:385px;background-size:inherit;background-position:inherit;color:#ffffff;line-height:60px;font-size:40px;\" class=\"ls-l\">NUESTROS PRODUCTOS<\/h2><h2 style=\"top:292px;left:164px;background-size:inherit;background-position:inherit;color:#ffffff;line-height:31px;font-size:21px;\" class=\"ls-l\">ESCABECHES DE CARNE<\/h2><h2 style=\"top:293px;left:510px;background-size:inherit;background-position:inherit;color:#ffffff;line-height:31px;font-size:21px;\" class=\"ls-l\">ESCABECHES DE VERDURA<\/h2><h2 style=\"top:294px;left:882px;background-size:inherit;background-position:inherit;color:#ffffff;line-height:31px;font-size:21px;\" class=\"ls-l\">DULCES SILVESTRES<\/h2><p style=\"top:152px;left:434px;background-size:inherit;background-position:inherit;font-size:18px;color:#b57a5d;\" class=\"ls-l\">Utilizamos productos naturales y sin conservantes,\n<\/p><p style=\"top:177px;left:457px;background-size:inherit;background-position:inherit;font-size:18px;color:#b57a5d;\" class=\"ls-l\">para que puedas disfrutar de cada bocado!<\/p><img loading=\"lazy\" decoding=\"async\" width=\"1709\" height=\"2560\" src=\"https:\/\/duosilvestre.com.ar\/wp-content\/uploads\/2020\/10\/DSC_8200-scaled.jpg\" class=\"ls-l\" alt=\"\" srcset=\"https:\/\/duosilvestre.com.ar\/wp-content\/uploads\/2020\/10\/DSC_8200-scaled.jpg 1709w, https:\/\/duosilvestre.com.ar\/wp-content\/uploads\/2020\/10\/DSC_8200-200x300.jpg 200w, https:\/\/duosilvestre.com.ar\/wp-content\/uploads\/2020\/10\/DSC_8200-684x1024.jpg 684w, https:\/\/duosilvestre.com.ar\/wp-content\/uploads\/2020\/10\/DSC_8200-768x1150.jpg 768w, https:\/\/duosilvestre.com.ar\/wp-content\/uploads\/2020\/10\/DSC_8200-1025x1536.jpg 1025w, https:\/\/duosilvestre.com.ar\/wp-content\/uploads\/2020\/10\/DSC_8200-1367x2048.jpg 1367w, https:\/\/duosilvestre.com.ar\/wp-content\/uploads\/2020\/10\/DSC_8200-700x1049.jpg 700w, https:\/\/duosilvestre.com.ar\/wp-content\/uploads\/2020\/10\/DSC_8200-600x899.jpg 600w\" sizes=\"auto, (max-width: 1709px) 100vw, 1709px\" style=\"top:339px;left:195px;background-size:inherit;background-position:inherit;width:206px;height:315px;\"><p style=\"top:662px;left:189px;background-size:inherit;background-position:inherit;font-size:16px;color:#ffffff;\" class=\"ls-l\">Escabeches de Vizcacha, Jabali,<\/p><p style=\"top:684px;left:517px;background-size:inherit;background-position:inherit;font-size:16px;color:#ffffff;\" class=\"ls-l\">Escabeches de Verduras y Berenjenas<\/p><p style=\"top:678px;left:907px;background-size:inherit;background-position:inherit;font-size:16px;color:#ffffff;\" class=\"ls-l\">Dulces silvestres de Naranja,<\/p><p style=\"top:701px;left:914px;background-size:inherit;background-position:inherit;font-size:16px;color:#ffffff;\" class=\"ls-l\">miel, zapallo, higo y m\u00e1s.<\/p><p style=\"top:685px;left:169px;background-size:inherit;background-position:inherit;font-size:16px;color:#ffffff;\" class=\"ls-l\">Cordero, Conejo, Llama, Pollo, Pavita,<\/p><p style=\"top:712px;left:162px;background-size:inherit;background-position:inherit;font-size:16px;color:#ffffff;\" class=\"ls-l\">Ciervo, \u00d1andu, Lomo de Cerdo, Chivito<\/p><a style=\"\" class=\"ls-l\" href=\"https:\/\/duosilvestre.com.ar\/en\/product-category\/escabeches-de-carnes\/\" target=\"_self\"><span style=\"top:752px;left:232px;font-weight:700;background-size:inherit;background-position:inherit;padding-top:15px;padding-bottom:15px;padding-left:30px;font-family:Arial, sans-serif;font-size:14px;color:#fff;border-radius:1px;border-top:1px solid #e8d4ca;border-right:1px solid #e8d4ca;border-bottom:1px solid #e8d4ca;border-left:1px solid #e8d4ca;padding-right:30px;\" class=\"\">ver m\u00e1s<\/span><\/a><a style=\"\" class=\"ls-l\" href=\"https:\/\/duosilvestre.com.ar\/en\/product-category\/escabeches-verduras\/\" target=\"_self\"><span style=\"top:753px;left:580px;font-weight:700;background-size:inherit;background-position:inherit;padding-top:15px;padding-bottom:15px;padding-left:30px;font-family:Arial, sans-serif;font-size:14px;color:#fff;border-radius:1px;border-top:1px solid #e8d4ca;border-right:1px solid #e8d4ca;border-bottom:1px solid #e8d4ca;border-left:1px solid #e8d4ca;padding-right:30px;\" class=\"\">ver m\u00e1s<\/span><\/a><a style=\"\" class=\"ls-l\" href=\"https:\/\/duosilvestre.com.ar\/en\/product\/dulces-silvestres\/\" target=\"_self\"><span style=\"top:753px;left:947px;font-weight:700;background-size:inherit;background-position:inherit;padding-top:15px;padding-bottom:15px;padding-left:30px;font-family:Arial, sans-serif;font-size:14px;color:#fff;border-radius:1px;border-top:1px solid #e8d4ca;border-right:1px solid #e8d4ca;border-bottom:1px solid #e8d4ca;border-left:1px solid #e8d4ca;padding-right:30px;\" class=\"\">ver m\u00e1s<\/span><\/a><img loading=\"lazy\" decoding=\"async\" width=\"1709\" height=\"2560\" src=\"https:\/\/duosilvestre.com.ar\/wp-content\/uploads\/2020\/12\/DSC_8207-scaled.jpg\" class=\"ls-l\" alt=\"\" srcset=\"https:\/\/duosilvestre.com.ar\/wp-content\/uploads\/2020\/12\/DSC_8207-scaled.jpg 1709w, https:\/\/duosilvestre.com.ar\/wp-content\/uploads\/2020\/12\/DSC_8207-200x300.jpg 200w, https:\/\/duosilvestre.com.ar\/wp-content\/uploads\/2020\/12\/DSC_8207-684x1024.jpg 684w, https:\/\/duosilvestre.com.ar\/wp-content\/uploads\/2020\/12\/DSC_8207-768x1150.jpg 768w, https:\/\/duosilvestre.com.ar\/wp-content\/uploads\/2020\/12\/DSC_8207-1025x1536.jpg 1025w, https:\/\/duosilvestre.com.ar\/wp-content\/uploads\/2020\/12\/DSC_8207-1367x2048.jpg 1367w, https:\/\/duosilvestre.com.ar\/wp-content\/uploads\/2020\/12\/DSC_8207-700x1049.jpg 700w, https:\/\/duosilvestre.com.ar\/wp-content\/uploads\/2020\/12\/DSC_8207-600x899.jpg 600w\" sizes=\"auto, (max-width: 1709px) 100vw, 1709px\" style=\"top:339px;left:541px;background-size:inherit;background-position:inherit;width:207px;height:314px;\"><img loading=\"lazy\" decoding=\"async\" width=\"1707\" height=\"2560\" src=\"https:\/\/duosilvestre.com.ar\/wp-content\/uploads\/2020\/12\/DSC_8443-scaled.jpg\" class=\"ls-l\" alt=\"\" srcset=\"https:\/\/duosilvestre.com.ar\/wp-content\/uploads\/2020\/12\/DSC_8443-scaled.jpg 1707w, https:\/\/duosilvestre.com.ar\/wp-content\/uploads\/2020\/12\/DSC_8443-200x300.jpg 200w, https:\/\/duosilvestre.com.ar\/wp-content\/uploads\/2020\/12\/DSC_8443-683x1024.jpg 683w, https:\/\/duosilvestre.com.ar\/wp-content\/uploads\/2020\/12\/DSC_8443-768x1152.jpg 768w, https:\/\/duosilvestre.com.ar\/wp-content\/uploads\/2020\/12\/DSC_8443-1024x1536.jpg 1024w, https:\/\/duosilvestre.com.ar\/wp-content\/uploads\/2020\/12\/DSC_8443-1366x2048.jpg 1366w, https:\/\/duosilvestre.com.ar\/wp-content\/uploads\/2020\/12\/DSC_8443-700x1050.jpg 700w, https:\/\/duosilvestre.com.ar\/wp-content\/uploads\/2020\/12\/DSC_8443-600x900.jpg 600w\" sizes=\"auto, (max-width: 1707px) 100vw, 1707px\" style=\"top:341px;left:902px;background-size:inherit;background-position:inherit;width:206px;height:315px;\"><\/div><\/div><\/div><\/div><\/div><\/div><\/div><\/div><div      class=\"vc_row wpb_row section vc_row-fluid  vc_custom_1603994370626\" style=' padding-top:50px; padding-bottom:50px; text-align:left;'><div class=\"full_section_inner clearfix\"><div class=\"wpb_column vc_column_container vc_col-sm-12\"><div class=\"vc_column-inner\"><div class=\"wpb_wrapper\"><div class=\"qode-advanced-image-gallery  qode-aig-grid-type qode-small-space\">\n\t<div class=\"qode-aig-inner qode-outer-space qode-aig-grid qode-aig-four-columns\">\n\t\t\t\t\t<div class=\"qode-aig-image qode-item-space\">\n\t\t\t\t<div class=\"qode-aig-image-inner\">\n\t\t\t\t\t\t\t\t\t\t\t\t\t\t\t\t\t<span class=\"aig-gallery-hover\">\n\t\t\t\t\t\t\t\t\t\t\t\t\t<\/span>\n\t\t\t\t\t\t\t\t\t<\/div>\n\t\t\t<\/div>\n\t\t\t\t\t<div class=\"qode-aig-image qode-item-space\">\n\t\t\t\t<div class=\"qode-aig-image-inner\">\n\t\t\t\t\t\t\t\t\t\t\t\t\t\t\t\t\t<span class=\"aig-gallery-hover\">\n\t\t\t\t\t\t\t\t\t\t\t\t\t<\/span>\n\t\t\t\t\t\t\t\t\t<\/div>\n\t\t\t<\/div>\n\t\t\t\t\t<div class=\"qode-aig-image qode-item-space\">\n\t\t\t\t<div class=\"qode-aig-image-inner\">\n\t\t\t\t\t\t\t\t\t\t\t\t\t\t\t\t\t<span class=\"aig-gallery-hover\">\n\t\t\t\t\t\t\t\t\t\t\t\t\t<\/span>\n\t\t\t\t\t\t\t\t\t<\/div>\n\t\t\t<\/div>\n\t\t\t\t\t<div class=\"qode-aig-image qode-item-space\">\n\t\t\t\t<div class=\"qode-aig-image-inner\">\n\t\t\t\t\t\t\t\t\t\t\t\t\t\t\t\t\t<span class=\"aig-gallery-hover\">\n\t\t\t\t\t\t\t\t\t\t\t\t\t<\/span>\n\t\t\t\t\t\t\t\t\t<\/div>\n\t\t\t<\/div>\n\t\t\t<\/div>\n<\/div><\/div><\/div><\/div><\/div><\/div>","protected":false},"excerpt":{"rendered":"NUESTROS SABORESY RECETASA\u00d1OS CUIDANDOEL GRAN ESCABECHEARGENTINODuo SilvestreSABER M\u00c1SESCABECHES DE CARNEY VERDURASMERMELADAS Y ALMIBARESContamos con una planta de procesamientoy de distribuci\u00f3n a todo el pa\u00eds,con habilitaciones (RNE y RNPA) correspondientes.NUESTROS PRODUCTOSESCABECHES DE CARNEESCABECHES DE VERDURADULCES SILVESTRESUtilizamos productos naturales y sin conservantes, para que puedas disfrutar de...","protected":false},"author":2,"featured_media":0,"parent":0,"menu_order":0,"comment_status":"open","ping_status":"open","template":"full_width.php","meta":{"footnotes":""},"class_list":["post-2","page","type-page","status-publish","hentry"],"_links":{"self":[{"href":"https:\/\/duosilvestre.com.ar\/en\/wp-json\/wp\/v2\/pages\/2","targetHints":{"allow":["GET"]}}],"collection":[{"href":"https:\/\/duosilvestre.com.ar\/en\/wp-json\/wp\/v2\/pages"}],"about":[{"href":"https:\/\/duosilvestre.com.ar\/en\/wp-json\/wp\/v2\/types\/page"}],"author":[{"embeddable":true,"href":"https:\/\/duosilvestre.com.ar\/en\/wp-json\/wp\/v2\/users\/2"}],"replies":[{"embeddable":true,"href":"https:\/\/duosilvestre.com.ar\/en\/wp-json\/wp\/v2\/comments?post=2"}],"version-history":[{"count":8,"href":"https:\/\/duosilvestre.com.ar\/en\/wp-json\/wp\/v2\/pages\/2\/revisions"}],"predecessor-version":[{"id":34,"href":"https:\/\/duosilvestre.com.ar\/en\/wp-json\/wp\/v2\/pages\/2\/revisions\/34"}],"wp:attachment":[{"href":"https:\/\/duosilvestre.com.ar\/en\/wp-json\/wp\/v2\/media?parent=2"}],"curies":[{"name":"wp","href":"https:\/\/api.w.org\/{rel}","templated":true}]}}